{"id":15,"date":"2012-02-24T01:38:54","date_gmt":"2012-02-24T01:38:54","guid":{"rendered":"http:\/\/customscourt.com\/?page_id=15"},"modified":"2025-02-10T11:56:09","modified_gmt":"2025-02-10T16:56:09","slug":"areas-of-practice","status":"publish","type":"page","link":"https:\/\/www.customscourt.com\/es\/areas-of-practice\/","title":{"rendered":"\u00c1reas de Pr\u00e1ctica"},"content":{"rendered":"<div data-elementor-type=\"wp-page\" data-elementor-id=\"15\" class=\"elementor elementor-15\" data-elementor-settings=\"{&quot;element_pack_global_tooltip_width&quot;:{&quot;unit&quot;:&quot;px&quot;,&quot;size&quot;:&quot;&quot;,&quot;sizes&quot;:[]},&quot;element_pack_global_tooltip_width_tablet&quot;:{&quot;unit&quot;:&quot;px&quot;,&quot;size&quot;:&quot;&quot;,&quot;sizes&quot;:[]},&quot;element_pack_global_tooltip_width_mobile&quot;:{&quot;unit&quot;:&quot;px&quot;,&quot;size&quot;:&quot;&quot;,&quot;sizes&quot;:[]},&quot;element_pack_global_tooltip_padding&quot;:{&quot;unit&quot;:&quot;px&quot;,&quot;top&quot;:&quot;&quot;,&quot;right&quot;:&quot;&quot;,&quot;bottom&quot;:&quot;&quot;,&quot;left&quot;:&quot;&quot;,&quot;isLinked&quot;:true},&quot;element_pack_global_tooltip_padding_tablet&quot;:{&quot;unit&quot;:&quot;px&quot;,&quot;top&quot;:&quot;&quot;,&quot;right&quot;:&quot;&quot;,&quot;bottom&quot;:&quot;&quot;,&quot;left&quot;:&quot;&quot;,&quot;isLinked&quot;:true},&quot;element_pack_global_tooltip_padding_mobile&quot;:{&quot;unit&quot;:&quot;px&quot;,&quot;top&quot;:&quot;&quot;,&quot;right&quot;:&quot;&quot;,&quot;bottom&quot;:&quot;&quot;,&quot;left&quot;:&quot;&quot;,&quot;isLinked&quot;:true},&quot;element_pack_global_tooltip_border_radius&quot;:{&quot;unit&quot;:&quot;px&quot;,&quot;top&quot;:&quot;&quot;,&quot;right&quot;:&quot;&quot;,&quot;bottom&quot;:&quot;&quot;,&quot;left&quot;:&quot;&quot;,&quot;isLinked&quot;:true},&quot;element_pack_global_tooltip_border_radius_tablet&quot;:{&quot;unit&quot;:&quot;px&quot;,&quot;top&quot;:&quot;&quot;,&quot;right&quot;:&quot;&quot;,&quot;bottom&quot;:&quot;&quot;,&quot;left&quot;:&quot;&quot;,&quot;isLinked&quot;:true},&quot;element_pack_global_tooltip_border_radius_mobile&quot;:{&quot;unit&quot;:&quot;px&quot;,&quot;top&quot;:&quot;&quot;,&quot;right&quot;:&quot;&quot;,&quot;bottom&quot;:&quot;&quot;,&quot;left&quot;:&quot;&quot;,&quot;isLinked&quot;:true}}\" data-elementor-post-type=\"page\">\n\t\t\t\t<div class=\"elementor-element elementor-element-d7723bd e-flex e-con-boxed e-con e-parent\" data-id=\"d7723bd\" data-element_type=\"container\" data-e-type=\"container\" data-settings=\"{&quot;background_background&quot;:&quot;classic&quot;}\">\n\t\t\t\t\t<div class=\"e-con-inner\">\n\t\t\t\t<div class=\"elementor-element elementor-element-f6e1f33 elementor-widget elementor-widget-heading\" data-id=\"f6e1f33\" data-element_type=\"widget\" data-e-type=\"widget\" data-settings=\"{&quot;ekit_we_effect_on&quot;:&quot;none&quot;}\" data-widget_type=\"heading.default\">\n\t\t\t\t<div class=\"elementor-widget-container\">\n\t\t\t\t\t<h2 class=\"elementor-heading-title elementor-size-default\">\u00c1REAS DE PR\u00c1CTICA<\/h2>\t\t\t\t<\/div>\n\t\t\t\t<\/div>\n\t\t\t\t\t<\/div>\n\t\t\t\t<\/div>\n\t\t<div class=\"elementor-element elementor-element-f6b9121 e-flex e-con-boxed e-con e-parent\" data-id=\"f6b9121\" data-element_type=\"container\" data-e-type=\"container\">\n\t\t\t\t\t<div class=\"e-con-inner\">\n\t\t\t\t<div class=\"elementor-element elementor-element-d0729c3 elementor-widget elementor-widget-spacer\" data-id=\"d0729c3\" data-element_type=\"widget\" data-e-type=\"widget\" data-settings=\"{&quot;ekit_we_effect_on&quot;:&quot;none&quot;}\" data-widget_type=\"spacer.default\">\n\t\t\t\t<div class=\"elementor-widget-container\">\n\t\t\t\t\t\t\t<div class=\"elementor-spacer\">\n\t\t\t<div class=\"elementor-spacer-inner\"><\/div>\n\t\t<\/div>\n\t\t\t\t\t\t<\/div>\n\t\t\t\t<\/div>\n\t\t\t\t<div class=\"elementor-element elementor-element-521243c elementor-invisible elementor-widget elementor-widget-heading\" data-id=\"521243c\" data-element_type=\"widget\" data-e-type=\"widget\" data-settings=\"{&quot;_animation&quot;:&quot;fadeInUp&quot;,&quot;ekit_we_effect_on&quot;:&quot;none&quot;}\" data-widget_type=\"heading.default\">\n\t\t\t\t<div class=\"elementor-widget-container\">\n\t\t\t\t\t<h2 class=\"elementor-heading-title elementor-size-default\"><h2>Liang + Mooney se centra en un pu\u00f1ado de \u00e1reas de pr\u00e1ctica.<\/h2><\/h2>\t\t\t\t<\/div>\n\t\t\t\t<\/div>\n\t\t\t\t<div class=\"elementor-element elementor-element-7c947f8 elementor-widget elementor-widget-spacer\" data-id=\"7c947f8\" data-element_type=\"widget\" data-e-type=\"widget\" data-settings=\"{&quot;ekit_we_effect_on&quot;:&quot;none&quot;}\" data-widget_type=\"spacer.default\">\n\t\t\t\t<div class=\"elementor-widget-container\">\n\t\t\t\t\t\t\t<div class=\"elementor-spacer\">\n\t\t\t<div class=\"elementor-spacer-inner\"><\/div>\n\t\t<\/div>\n\t\t\t\t\t\t<\/div>\n\t\t\t\t<\/div>\n\t\t\t\t<div class=\"elementor-element elementor-element-70615a3 elementor-invisible elementor-widget elementor-widget-eael-feature-list\" data-id=\"70615a3\" data-element_type=\"widget\" data-e-type=\"widget\" data-settings=\"{&quot;_animation&quot;:&quot;fadeInUp&quot;,&quot;ekit_we_effect_on&quot;:&quot;none&quot;}\" data-widget_type=\"eael-feature-list.default\">\n\t\t\t\t<div class=\"elementor-widget-container\">\n\t\t\t\t\t\t\t<div class=\"-icon-position-left -tablet-icon-position-left -mobile-icon-position-left\">\n\t\t\t<ul id=\"eael-feature-list-70615a3\" class=\"eael-feature-list-items circle stacked  eael-feature-list-vertical\" data-layout-tablet=\"vertical\" data-layout-mobile=\"vertical\">\n\t\t\t                <li class=\"eael-feature-list-item elementor-repeater-item-e29310c\">\n                    \n\t\t\t\t\t\t<div class=\"eael-feature-list-icon-box\">\n\t\t\t\t\t\t\t<div class=\"eael-feature-list-icon-inner\">\n\n\t\t\t\t\t\t\t\t<a class=\"eael-feature-list-icon fl-icon-0\"href=\"https:\/\/www.customscourt.com\/es\/?page_id=460\">\n\n\t\t<i aria-hidden=\"true\" class=\"far fa-money-bill-alt\"><\/i>\t\t\t\t\t\t\t\t<\/a>\n\t\t\t\t\t\t\t<\/div>\n\t\t\t\t\t\t<\/div>\n\t\t\t\t\t\t<div class=\"eael-feature-list-content-box\">\n                            <h2 class=\"eael-feature-list-title\"><a href=\"https:\/\/www.customscourt.com\/es\/?page_id=460\">Las Cuestiones aduaneras y las Cuestiones de Propiedad Intelectual<\/a><\/h2>\t\t\t\t\t\t<p class=\"eael-feature-list-content\">La Oficina de Aduanas y Protecci\u00f3n de Fronteras exige una mir\u00edada de arancel, de propiedad intelectual, y los reglamentos de comercio y asas civil de las incautaciones y decomisos. <\/p>\n\t\t\t\t\t\t<\/div>\n\n\t\t\t\t\t<\/li>\n\t\t\t\t                <li class=\"eael-feature-list-item elementor-repeater-item-4c07a0d\">\n                    \n\t\t\t\t\t\t<div class=\"eael-feature-list-icon-box\">\n\t\t\t\t\t\t\t<div class=\"eael-feature-list-icon-inner\">\n\n\t\t\t\t\t\t\t\t<a class=\"eael-feature-list-icon fl-icon-1\"href=\"https:\/\/www.customscourt.com\/es\/tariffs\/\">\n\n\t\t<i aria-hidden=\"true\" class=\"fas fa-hand-holding-usd\"><\/i>\t\t\t\t\t\t\t\t<\/a>\n\t\t\t\t\t\t\t<\/div>\n\t\t\t\t\t\t<\/div>\n\t\t\t\t\t\t<div class=\"eael-feature-list-content-box\">\n                            <h2 class=\"eael-feature-list-title\"><a href=\"https:\/\/www.customscourt.com\/es\/tariffs\/\">Tarifas<\/a><\/h2>\t\t\t\t\t\t<p class=\"eael-feature-list-content\">Nuestra tarifa abogados est\u00e1n en el frente de la normativa tarifaria que cambian a diario. Si usted est\u00e1 buscando para protestar desfavorable tarifa determinaciones, gestionar el cumplimiento con los derechos de aduana, o de obtener el alivio de la arancelarias relacionadas con las sanciones, tenemos la experiencia necesaria para hacer de su caso.<\/p>\n\t\t\t\t\t\t<\/div>\n\n\t\t\t\t\t<\/li>\n\t\t\t\t                <li class=\"eael-feature-list-item elementor-repeater-item-9ecf521\">\n                    \n\t\t\t\t\t\t<div class=\"eael-feature-list-icon-box\">\n\t\t\t\t\t\t\t<div class=\"eael-feature-list-icon-inner\">\n\n\t\t\t\t\t\t\t\t<a class=\"eael-feature-list-icon fl-icon-2\"href=\"https:\/\/www.customscourt.com\/es\/?page_id=476\">\n\n\t\t<i aria-hidden=\"true\" class=\"fas fa-ship\"><\/i>\t\t\t\t\t\t\t\t<\/a>\n\t\t\t\t\t\t\t<\/div>\n\t\t\t\t\t\t<\/div>\n\t\t\t\t\t\t<div class=\"eael-feature-list-content-box\">\n                            <h2 class=\"eael-feature-list-title\"><a href=\"https:\/\/www.customscourt.com\/es\/?page_id=476\">Comisi\u00f3n Federal Mar\u00edtimo<\/a><\/h2>\t\t\t\t\t\t<p class=\"eael-feature-list-content\">La Comisi\u00f3n Federal Mar\u00edtimo (FMC) es una agencia Federal independiente responsable de la regulaci\u00f3n de la internacional de los estados UNIDOS oc\u00e9ano sistema de transporte para el beneficio de los exportadores de estados UNIDOS, los importadores, y el consumidor de los estados UNIDOS.<\/p>\n\t\t\t\t\t\t<\/div>\n\n\t\t\t\t\t<\/li>\n\t\t\t\t                <li class=\"eael-feature-list-item elementor-repeater-item-43be6d3\">\n                    \n\t\t\t\t\t\t<div class=\"eael-feature-list-icon-box\">\n\t\t\t\t\t\t\t<div class=\"eael-feature-list-icon-inner\">\n\n\t\t\t\t\t\t\t\t<a class=\"eael-feature-list-icon fl-icon-3\"href=\"https:\/\/www.customscourt.com\/es\/areas-of-practice-2\/\">\n\n\t\t<i aria-hidden=\"true\" class=\"fas fa-balance-scale-right\"><\/i>\t\t\t\t\t\t\t\t<\/a>\n\t\t\t\t\t\t\t<\/div>\n\t\t\t\t\t\t<\/div>\n\t\t\t\t\t\t<div class=\"eael-feature-list-content-box\">\n                            <h2 class=\"eael-feature-list-title\"><a href=\"https:\/\/www.customscourt.com\/es\/areas-of-practice-2\/\">Negocio de Controversias y Litigios<\/a><\/h2>\t\t\t\t\t\t<p class=\"eael-feature-list-content\">Representamos a clientes extranjeros y nacionales con temas que van desde la a trav\u00e9s de la ciudad a trav\u00e9s de los oc\u00e9anos: no distancia es demasiado lejos para nosotros. Tenemos la capacidad para tomar casos en los tribunales estatales y federales en cada uno de los puertos principales en los Estados unidos.<\/p>\n\t\t\t\t\t\t<\/div>\n\n\t\t\t\t\t<\/li>\n\t\t\t\t                <li class=\"eael-feature-list-item elementor-repeater-item-0600aaf\">\n                    \n\t\t\t\t\t\t<div class=\"eael-feature-list-icon-box\">\n\t\t\t\t\t\t\t<div class=\"eael-feature-list-icon-inner\">\n\n\t\t\t\t\t\t\t\t<a class=\"eael-feature-list-icon fl-icon-4\"href=\"https:\/\/www.customscourt.com\/es\/?page_id=467\">\n\n\t\t<i aria-hidden=\"true\" class=\"fas fa-handshake\"><\/i>\t\t\t\t\t\t\t\t<\/a>\n\t\t\t\t\t\t\t<\/div>\n\t\t\t\t\t\t<\/div>\n\t\t\t\t\t\t<div class=\"eael-feature-list-content-box\">\n                            <h2 class=\"eael-feature-list-title\"><a href=\"https:\/\/www.customscourt.com\/es\/?page_id=467\">La Normativa Sobre Exportaci\u00f3n<\/a><\/h2>\t\t\t\t\t\t<p class=\"eael-feature-list-content\">La exportaci\u00f3n a otros pa\u00edses, es un proceso complicado que requiere un conocimiento en profundidad de la licencia de los productos b\u00e1sicos y los diferentes requisitos y normas de las agencias de estados UNIDOS que regulan la exportaci\u00f3n. Costumbres abogados deben lidiar con la Aduana, Federal Mar\u00edtimo Comisiones, Departamento de Comercio, BIS, del Departamento de Estado, el Departamento de Defensa y otras m\u00e1s especializadas en las regulaciones de la agencia, incluyendo la ITAR consejo de armamento o de la OFAC dentro de la Tesorer\u00eda. De aduanas de la pena y la incautaci\u00f3n de Aduanas de acciones se producen con frecuencia a las personas o empresas conscientes de la exportaci\u00f3n de reglas y regulaciones.<\/p>\n\t\t\t\t\t\t<\/div>\n\n\t\t\t\t\t<\/li>\n\t\t\t\t                <li class=\"eael-feature-list-item elementor-repeater-item-436ed42\">\n                    \n\t\t\t\t\t\t<div class=\"eael-feature-list-icon-box\">\n\t\t\t\t\t\t\t<div class=\"eael-feature-list-icon-inner\">\n\n\t\t\t\t\t\t\t\t<a class=\"eael-feature-list-icon fl-icon-5\"href=\"https:\/\/www.customscourt.com\/es\/?page_id=472\">\n\n\t\t<i aria-hidden=\"true\" class=\"fas fa-globe-americas\"><\/i>\t\t\t\t\t\t\t\t<\/a>\n\t\t\t\t\t\t\t<\/div>\n\t\t\t\t\t\t<\/div>\n\t\t\t\t\t\t<div class=\"eael-feature-list-content-box\">\n                            <h2 class=\"eael-feature-list-title\"><a href=\"https:\/\/www.customscourt.com\/es\/?page_id=472\">El Derecho de Comercio internacional y las Cuestiones de Propiedad Intelectual<\/a><\/h2>\t\t\t\t\t\t<p class=\"eael-feature-list-content\">El derecho de Comercio internacional es un conjunto de normas jur\u00eddicas de la legislaci\u00f3n internacional y la regulaci\u00f3n de las relaciones en el comercio internacional. Esta rama del derecho es ahora un campo independiente de estudio, como la mayor\u00eda de los gobiernos se han convertido en parte de la Organizaci\u00f3n Mundial del Comercio.<\/p>\n\t\t\t\t\t\t<\/div>\n\n\t\t\t\t\t<\/li>\n\t\t\t\t                <li class=\"eael-feature-list-item elementor-repeater-item-0b11073\">\n                    \n\t\t\t\t\t\t<div class=\"eael-feature-list-icon-box\">\n\t\t\t\t\t\t\t<div class=\"eael-feature-list-icon-inner\">\n\n\t\t\t\t\t\t\t\t<a class=\"eael-feature-list-icon fl-icon-6\"href=\"https:\/\/www.customscourt.com\/es\/?page_id=489\">\n\n\t\t<i aria-hidden=\"true\" class=\"fas fa-business-time\"><\/i>\t\t\t\t\t\t\t\t<\/a>\n\t\t\t\t\t\t\t<\/div>\n\t\t\t\t\t\t<\/div>\n\t\t\t\t\t\t<div class=\"eael-feature-list-content-box\">\n                            <h2 class=\"eael-feature-list-title\"><a href=\"https:\/\/www.customscourt.com\/es\/?page_id=489\">Corporativa y de Negocios de Servicios<\/a><\/h2>\t\t\t\t\t\t<p class=\"eael-feature-list-content\">Tipo de leyes que abarca los servicios relativos a las necesidades operativas de las empresas en el d\u00eda a d\u00eda. Esto incluye, pero no limitado a actividades tales como la formaci\u00f3n de contratos, acuerdos de empleo, y la disoluci\u00f3n.<\/p>\n\t\t\t\t\t\t<\/div>\n\n\t\t\t\t\t<\/li>\n\t\t\t\t                <li class=\"eael-feature-list-item elementor-repeater-item-ff8df36\">\n                    \n\t\t\t\t\t\t<div class=\"eael-feature-list-icon-box\">\n\t\t\t\t\t\t\t<div class=\"eael-feature-list-icon-inner\">\n\n\t\t\t\t\t\t\t\t<a class=\"eael-feature-list-icon fl-icon-7\"href=\"https:\/\/www.customscourt.com\/es\/?page_id=483\">\n\n\t\t<i aria-hidden=\"true\" class=\"fas fa-anchor\"><\/i>\t\t\t\t\t\t\t\t<\/a>\n\t\t\t\t\t\t\t<\/div>\n\t\t\t\t\t\t<\/div>\n\t\t\t\t\t\t<div class=\"eael-feature-list-content-box\">\n                            <h2 class=\"eael-feature-list-title\"><a href=\"https:\/\/www.customscourt.com\/es\/?page_id=483\">Almirantazgo\/Derecho Mar\u00edtimo<\/a><\/h2>\t\t\t\t\t\t<p class=\"eael-feature-list-content\">Un cuerpo independiente de la ley que rige mar\u00edtima preguntas y ofensas. Somos expertos en este cuerpo de leyes nacionales que regulan las actividades mar\u00edtimas, as\u00ed como de derecho internacional privado que rigen las relaciones entre las entidades privadas que operan los buques en los oc\u00e9anos.<\/p>\n\t\t\t\t\t\t<\/div>\n\n\t\t\t\t\t<\/li>\n\t\t\t\t\t\t\t<\/ul>\n\t\t<\/div>\n\t\t\t\t\t\t<\/div>\n\t\t\t\t<\/div>\n\t\t\t\t<div class=\"elementor-element elementor-element-078c9d1 elementor-widget elementor-widget-spacer\" data-id=\"078c9d1\" data-element_type=\"widget\" data-e-type=\"widget\" data-settings=\"{&quot;ekit_we_effect_on&quot;:&quot;none&quot;}\" data-widget_type=\"spacer.default\">\n\t\t\t\t<div class=\"elementor-widget-container\">\n\t\t\t\t\t\t\t<div class=\"elementor-spacer\">\n\t\t\t<div class=\"elementor-spacer-inner\"><\/div>\n\t\t<\/div>\n\t\t\t\t\t\t<\/div>\n\t\t\t\t<\/div>\n\t\t\t\t\t<\/div>\n\t\t\t\t<\/div>\n\t\t\t\t<\/div>","protected":false},"excerpt":{"rendered":"<p>AREAS OF PRACTICE Liang + Mooney focuses on a handful of practice areas. Customs Issues and Related Intellectual Property Issues The Bureau of Customs and Border Protection enforces myriad tariff, intellectual property, and trade regulations and handles civil seizures and forfeitures. Tariffs Our tariff lawyers are on the front lines of tariff regulations that change daily. Whether you are seeking [&hellip;]<\/p>\n","protected":false},"author":1,"featured_media":0,"parent":0,"menu_order":3,"comment_status":"closed","ping_status":"closed","template":"elementor_header_footer","meta":{"footnotes":""},"class_list":["post-15","page","type-page","status-publish","hentry"],"_links":{"self":[{"href":"https:\/\/www.customscourt.com\/es\/wp-json\/wp\/v2\/pages\/15","targetHints":{"allow":["GET"]}}],"collection":[{"href":"https:\/\/www.customscourt.com\/es\/wp-json\/wp\/v2\/pages"}],"about":[{"href":"https:\/\/www.customscourt.com\/es\/wp-json\/wp\/v2\/types\/page"}],"author":[{"embeddable":true,"href":"https:\/\/www.customscourt.com\/es\/wp-json\/wp\/v2\/users\/1"}],"replies":[{"embeddable":true,"href":"https:\/\/www.customscourt.com\/es\/wp-json\/wp\/v2\/comments?post=15"}],"version-history":[{"count":125,"href":"https:\/\/www.customscourt.com\/es\/wp-json\/wp\/v2\/pages\/15\/revisions"}],"predecessor-version":[{"id":8708,"href":"https:\/\/www.customscourt.com\/es\/wp-json\/wp\/v2\/pages\/15\/revisions\/8708"}],"wp:attachment":[{"href":"https:\/\/www.customscourt.com\/es\/wp-json\/wp\/v2\/media?parent=15"}],"curies":[{"name":"wp","href":"https:\/\/api.w.org\/{rel}","templated":true}]}}