{"id":460,"date":"2012-09-21T13:50:39","date_gmt":"2012-09-21T13:50:39","guid":{"rendered":"http:\/\/customscourt.com\/?page_id=460"},"modified":"2024-11-21T09:39:19","modified_gmt":"2024-11-21T14:39:19","slug":"customs-law","status":"publish","type":"page","link":"https:\/\/www.customscourt.com\/es\/areas-of-practice\/customs-law\/","title":{"rendered":"Cuestiones Aduaneras"},"content":{"rendered":"<div data-elementor-type=\"wp-page\" data-elementor-id=\"460\" class=\"elementor elementor-460\" data-elementor-settings=\"{&quot;element_pack_global_tooltip_width&quot;:{&quot;unit&quot;:&quot;px&quot;,&quot;size&quot;:&quot;&quot;,&quot;sizes&quot;:[]},&quot;element_pack_global_tooltip_width_tablet&quot;:{&quot;unit&quot;:&quot;px&quot;,&quot;size&quot;:&quot;&quot;,&quot;sizes&quot;:[]},&quot;element_pack_global_tooltip_width_mobile&quot;:{&quot;unit&quot;:&quot;px&quot;,&quot;size&quot;:&quot;&quot;,&quot;sizes&quot;:[]},&quot;element_pack_global_tooltip_padding&quot;:{&quot;unit&quot;:&quot;px&quot;,&quot;top&quot;:&quot;&quot;,&quot;right&quot;:&quot;&quot;,&quot;bottom&quot;:&quot;&quot;,&quot;left&quot;:&quot;&quot;,&quot;isLinked&quot;:true},&quot;element_pack_global_tooltip_padding_tablet&quot;:{&quot;unit&quot;:&quot;px&quot;,&quot;top&quot;:&quot;&quot;,&quot;right&quot;:&quot;&quot;,&quot;bottom&quot;:&quot;&quot;,&quot;left&quot;:&quot;&quot;,&quot;isLinked&quot;:true},&quot;element_pack_global_tooltip_padding_mobile&quot;:{&quot;unit&quot;:&quot;px&quot;,&quot;top&quot;:&quot;&quot;,&quot;right&quot;:&quot;&quot;,&quot;bottom&quot;:&quot;&quot;,&quot;left&quot;:&quot;&quot;,&quot;isLinked&quot;:true},&quot;element_pack_global_tooltip_border_radius&quot;:{&quot;unit&quot;:&quot;px&quot;,&quot;top&quot;:&quot;&quot;,&quot;right&quot;:&quot;&quot;,&quot;bottom&quot;:&quot;&quot;,&quot;left&quot;:&quot;&quot;,&quot;isLinked&quot;:true},&quot;element_pack_global_tooltip_border_radius_tablet&quot;:{&quot;unit&quot;:&quot;px&quot;,&quot;top&quot;:&quot;&quot;,&quot;right&quot;:&quot;&quot;,&quot;bottom&quot;:&quot;&quot;,&quot;left&quot;:&quot;&quot;,&quot;isLinked&quot;:true},&quot;element_pack_global_tooltip_border_radius_mobile&quot;:{&quot;unit&quot;:&quot;px&quot;,&quot;top&quot;:&quot;&quot;,&quot;right&quot;:&quot;&quot;,&quot;bottom&quot;:&quot;&quot;,&quot;left&quot;:&quot;&quot;,&quot;isLinked&quot;:true}}\" data-elementor-post-type=\"page\">\n\t\t\t\t<div class=\"elementor-element elementor-element-719d640 e-con-full e-flex elementor-invisible e-con e-parent\" data-id=\"719d640\" data-element_type=\"container\" data-e-type=\"container\" data-settings=\"{&quot;animation&quot;:&quot;fadeInUp&quot;,&quot;animation_mobile&quot;:&quot;slideInUp&quot;}\">\n\t\t\t\t<div class=\"elementor-element elementor-element-da33d15 elementor-view-stacked elementor-shape-circle elementor-position-block-start elementor-mobile-position-block-start elementor-widget elementor-widget-icon-box\" data-id=\"da33d15\" data-element_type=\"widget\" data-e-type=\"widget\" data-settings=\"{&quot;ekit_we_effect_on&quot;:&quot;none&quot;}\" data-widget_type=\"icon-box.default\">\n\t\t\t\t<div class=\"elementor-widget-container\">\n\t\t\t\t\t\t\t<div class=\"elementor-icon-box-wrapper\">\n\n\t\t\t\t\t\t<div class=\"elementor-icon-box-icon\">\n\t\t\t\t<span  class=\"elementor-icon\">\n\t\t\t\t<i aria-hidden=\"true\" class=\"fas fa-money-bill-alt\"><\/i>\t\t\t\t<\/span>\n\t\t\t<\/div>\n\t\t\t\n\t\t\t\t\t\t<div class=\"elementor-icon-box-content\">\n\n\t\t\t\t\t\t\t\t\t<h3 class=\"elementor-icon-box-title\">\n\t\t\t\t\t\t<span  >\n\t\t\t\t\t\t\tCuestiones Aduaneras\t\t\t\t\t\t<\/span>\n\t\t\t\t\t<\/h3>\n\t\t\t\t\n\t\t\t\t\n\t\t\t<\/div>\n\t\t\t\n\t\t<\/div>\n\t\t\t\t\t\t<\/div>\n\t\t\t\t<\/div>\n\t\t\t\t<div class=\"elementor-element elementor-element-f74e12c elementor-invisible elementor-widget elementor-widget-image\" data-id=\"f74e12c\" data-element_type=\"widget\" data-e-type=\"widget\" data-settings=\"{&quot;_animation&quot;:&quot;fadeIn&quot;,&quot;ekit_we_effect_on&quot;:&quot;none&quot;}\" data-widget_type=\"image.default\">\n\t\t\t\t<div class=\"elementor-widget-container\">\n\t\t\t\t\t\t\t\t\t\t\t\t\t\t\t<img decoding=\"async\" width=\"2560\" height=\"1435\" src=\"https:\/\/ewh62tmgkr9.exactdn.com\/wp-content\/uploads\/2023\/09\/AdobeStock_610773815-scaled.jpeg?strip=all&amp;quality=80&amp;avif=65&amp;sharp=1\" class=\"attachment-full size-full wp-image-7451\" alt=\"\" srcset=\"https:\/\/ewh62tmgkr9.exactdn.com\/wp-content\/uploads\/2023\/09\/AdobeStock_610773815-scaled.jpeg?strip=all&amp;quality=80&amp;avif=65&amp;sharp=1 2560w, https:\/\/ewh62tmgkr9.exactdn.com\/wp-content\/uploads\/2023\/09\/AdobeStock_610773815-300x168.jpeg?strip=all&amp;quality=80&amp;avif=65&amp;sharp=1 300w, https:\/\/ewh62tmgkr9.exactdn.com\/wp-content\/uploads\/2023\/09\/AdobeStock_610773815-1024x574.jpeg?strip=all&amp;quality=80&amp;avif=65&amp;sharp=1 1024w, https:\/\/ewh62tmgkr9.exactdn.com\/wp-content\/uploads\/2023\/09\/AdobeStock_610773815-768x430.jpeg?strip=all&amp;quality=80&amp;avif=65&amp;sharp=1 768w, https:\/\/ewh62tmgkr9.exactdn.com\/wp-content\/uploads\/2023\/09\/AdobeStock_610773815-1536x861.jpeg?strip=all&amp;quality=80&amp;avif=65&amp;sharp=1 1536w, https:\/\/ewh62tmgkr9.exactdn.com\/wp-content\/uploads\/2023\/09\/AdobeStock_610773815-2048x1148.jpeg?strip=all&amp;quality=80&amp;avif=65&amp;sharp=1 2048w, https:\/\/ewh62tmgkr9.exactdn.com\/wp-content\/uploads\/2023\/09\/AdobeStock_610773815-scaled.jpeg?strip=all&amp;quality=80&amp;avif=65&amp;sharp=1&amp;w=512 512w, https:\/\/ewh62tmgkr9.exactdn.com\/wp-content\/uploads\/2023\/09\/AdobeStock_610773815-scaled.jpeg?strip=all&amp;quality=80&amp;avif=65&amp;sharp=1&amp;w=450 450w, https:\/\/ewh62tmgkr9.exactdn.com\/wp-content\/uploads\/2023\/09\/AdobeStock_610773815-scaled.jpeg?strip=all&amp;quality=80&amp;avif=65&amp;sharp=1&amp;w=1920 1920w\" sizes=\"(max-width: 640px) 100vw, 640px\" \/>\t\t\t\t\t\t\t\t\t\t\t\t\t\t\t<\/div>\n\t\t\t\t<\/div>\n\t\t\t\t<\/div>\n\t\t<div class=\"elementor-element elementor-element-bc51150 e-flex e-con-boxed e-con e-parent\" data-id=\"bc51150\" data-element_type=\"container\" data-e-type=\"container\">\n\t\t\t\t\t<div class=\"e-con-inner\">\n\t\t\t\t<div class=\"elementor-element elementor-element-cf4dd72 elementor-widget elementor-widget-heading\" data-id=\"cf4dd72\" data-element_type=\"widget\" data-e-type=\"widget\" data-settings=\"{&quot;ekit_we_effect_on&quot;:&quot;none&quot;}\" data-widget_type=\"heading.default\">\n\t\t\t\t<div class=\"elementor-widget-container\">\n\t\t\t\t\t<h4 class=\"elementor-heading-title elementor-size-default\">Manejamos una gran variedad de cuestiones Aduaneras de los aranceles para el dinero convulsiones. Nuestro co-fundador, Neil Mooney no es s\u00f3lo un abogado, pero ha sido un agente de Aduanas autorizado desde 1978. Ofrecemos experiencia servicios relacionados con:\n<\/h4>\t\t\t\t<\/div>\n\t\t\t\t<\/div>\n\t\t\t\t<div class=\"elementor-element elementor-element-b61f6ef elementor-widget elementor-widget-text-editor\" data-id=\"b61f6ef\" data-element_type=\"widget\" data-e-type=\"widget\" data-settings=\"{&quot;ekit_we_effect_on&quot;:&quot;none&quot;}\" data-widget_type=\"text-editor.default\">\n\t\t\t\t<div class=\"elementor-widget-container\">\n\t\t\t\t\t\t\t\t\t<p><span style=\"text-align: var(--text-align); background-color: rgba(2, 1, 1, 0); font-size: 16px;\">Moneda Incautaciones De Dinero (Convulsiones).<\/span><\/p>\n<ul>\n<li>Aduana de las Sanciones y de la indemnizaci\u00f3n de Da\u00f1os y perjuicios (CBP Multas, Sanciones y Decomisos).<\/li>\n<li>La valoraci\u00f3n.<\/li>\n<li>Clasificaci\u00f3n Arancelaria.<\/li>\n<li>La secci\u00f3n 301 Impuestos\/Tarifas y Exenciones.<\/li>\n<li>Anti-Dumping y las enfermedades cardiovasculares, los Deberes y de las Investigaciones.<\/li>\n<li>Importaci\u00f3n\/Exportaci\u00f3n De Cumplimiento.<\/li>\n<li>Alegaciones relativas al Trabajo Forzoso contenido en la mercanc\u00eda.<\/li>\n<li>La Preferencia De Los Programas.<\/li>\n<li>Pa\u00eds de Origen\/Marca Determinaciones.<\/li>\n<li>Zonas De Comercio Exterior.<\/li>\n<li>De aduanas de la Pena y la Incautaci\u00f3n Aduanera de liquidaci\u00f3n; la FDA y la EPA pena de asentamientos.<\/li>\n<li>La recuperaci\u00f3n de los bienes incautados; incluyendo dinero en efectivo y bienes.<\/li>\n<li>La obtenci\u00f3n de la autorizaci\u00f3n para el \"Mercado Gris\" importaciones con ambas Costumbres y la FDA.<\/li>\n<li>En el sitio de Importaci\u00f3n de Auditor\u00edas de Cumplimiento, la FMC Auditor\u00edas de Cumplimiento y de Exportaci\u00f3n (BIS) Auditor\u00edas de Cumplimiento.<\/li>\n<li>Obligaci\u00f3n de Reintegro de la consulta.<\/li>\n<li>Las protestas de las medidas Aduaneras (CF29); incluyendo el deber de la evaluaci\u00f3n, la detenci\u00f3n de la mercanc\u00eda, la Aduana sanciones Civiles y de los Activos de las P\u00e9rdidas.<\/li>\n<li>La obtenci\u00f3n de las Costumbres de las licencias y permisos, incluyendo para los almacenes generales de dep\u00f3sito y de la servidumbre de los transportistas.<\/li>\n<li>La defensa de Agente de Aduanas de la revocaci\u00f3n de la licencia acciones.<\/li>\n<li>Marcas comerciales: las aplicaciones y la Ejecuci\u00f3n, estados UNIDOS de am\u00e9rica (USPTO) y en todo el Mundo (OMPI).<\/li>\n<li>Derecho de autor: la Obtenci\u00f3n y Aplicaci\u00f3n.<\/li>\n<li>La CBP, la Marca de Inscripci\u00f3n.<\/li>\n<li>La resoluci\u00f3n de la CBP de Propiedad Intelectual Sanciones.<\/li>\n<\/ul>\t\t\t\t\t\t\t\t<\/div>\n\t\t\t\t<\/div>\n\t\t\t\t<div class=\"elementor-element elementor-element-0dd4fa4 elementor-widget elementor-widget-accordion\" data-id=\"0dd4fa4\" data-element_type=\"widget\" data-e-type=\"widget\" data-settings=\"{&quot;ekit_we_effect_on&quot;:&quot;none&quot;}\" data-widget_type=\"accordion.default\">\n\t\t\t\t<div class=\"elementor-widget-container\">\n\t\t\t\t\t\t\t<div class=\"elementor-accordion\">\n\t\t\t\t\t\t\t<div class=\"elementor-accordion-item\">\n\t\t\t\t\t<div id=\"elementor-tab-title-1451\" class=\"elementor-tab-title\" data-tab=\"1\" role=\"button\" aria-controls=\"elementor-tab-content-1451\" aria-expanded=\"false\">\n\t\t\t\t\t\t\t\t\t\t\t\t\t<span class=\"elementor-accordion-icon elementor-accordion-icon-left\" aria-hidden=\"true\">\n\t\t\t\t\t\t\t\t\t\t\t\t\t\t\t<span class=\"elementor-accordion-icon-closed\"><i class=\"fas fa-plus\"><\/i><\/span>\n\t\t\t\t\t\t\t\t<span class=\"elementor-accordion-icon-opened\"><i class=\"fas fa-minus\"><\/i><\/span>\n\t\t\t\t\t\t\t\t\t\t\t\t\t\t<\/span>\n\t\t\t\t\t\t\t\t\t\t\t\t<a class=\"elementor-accordion-title\" tabindex=\"0\">Otras Industrias Relacionadas<\/a>\n\t\t\t\t\t<\/div>\n\t\t\t\t\t<div id=\"elementor-tab-content-1451\" class=\"elementor-tab-content elementor-clearfix\" data-tab=\"1\" role=\"region\" aria-labelledby=\"elementor-tab-title-1451\"><ul><li><a href=\"https:\/\/www.commerce.gov\/\" target=\"_blank\" rel=\"noopener\">El departamento de Comercio (DOC)<\/a><\/li><li><a href=\"https:\/\/ustr.gov\/\" target=\"_blank\" rel=\"noopener\">Representante Comercial de estados UNIDOS (USTR)<\/a><\/li><li><a href=\"http:\/\/www.fda.gov\/\" target=\"_blank\" rel=\"noopener\">Administraci\u00f3n de Alimentos y Medicamentos (FDA)<\/a><\/li><li><a href=\"https:\/\/www.atf.gov\/\" target=\"_blank\" rel=\"noopener\">Oficina de Alcohol, Tabaco, Armas de fuego y Explosivos (ATF)<\/a><\/li><li><a href=\"https:\/\/www.tsa.gov\/\" target=\"_blank\" rel=\"noopener\">Administraci\u00f3n de Seguridad de transporte (TSA)<\/a><\/li><\/ul><\/div>\n\t\t\t\t<\/div>\n\t\t\t\t\t\t\t\t<\/div>\n\t\t\t\t\t\t<\/div>\n\t\t\t\t<\/div>\n\t\t\t\t<div class=\"elementor-element elementor-element-fe6a2bc elementor-widget elementor-widget-spacer\" data-id=\"fe6a2bc\" data-element_type=\"widget\" data-e-type=\"widget\" data-settings=\"{&quot;ekit_we_effect_on&quot;:&quot;none&quot;}\" data-widget_type=\"spacer.default\">\n\t\t\t\t<div class=\"elementor-widget-container\">\n\t\t\t\t\t\t\t<div class=\"elementor-spacer\">\n\t\t\t<div class=\"elementor-spacer-inner\"><\/div>\n\t\t<\/div>\n\t\t\t\t\t\t<\/div>\n\t\t\t\t<\/div>\n\t\t\t\t\t<\/div>\n\t\t\t\t<\/div>\n\t\t\t\t<\/div>","protected":false},"excerpt":{"rendered":"<p>Customs Issues We handle a variety of Customs issues from tariffs to money seizures. Our co-founder, Neil Mooney is not only a lawyer, but has been a licensed Customs broker since 1978. We provide experienced services relating to: Currency Seizures (Money Seizures). Customs Penalties and Liquidated Damages (CBP Fines, Penalties &amp; Forfeitures). Valuation. Tariff Classification. Section 301 Duties\/Tariffs and Exemptions. [&hellip;]<\/p>\n","protected":false},"author":1,"featured_media":0,"parent":15,"menu_order":0,"comment_status":"closed","ping_status":"closed","template":"elementor_header_footer","meta":{"footnotes":""},"class_list":["post-460","page","type-page","status-publish","hentry"],"_links":{"self":[{"href":"https:\/\/www.customscourt.com\/es\/wp-json\/wp\/v2\/pages\/460","targetHints":{"allow":["GET"]}}],"collection":[{"href":"https:\/\/www.customscourt.com\/es\/wp-json\/wp\/v2\/pages"}],"about":[{"href":"https:\/\/www.customscourt.com\/es\/wp-json\/wp\/v2\/types\/page"}],"author":[{"embeddable":true,"href":"https:\/\/www.customscourt.com\/es\/wp-json\/wp\/v2\/users\/1"}],"replies":[{"embeddable":true,"href":"https:\/\/www.customscourt.com\/es\/wp-json\/wp\/v2\/comments?post=460"}],"version-history":[{"count":83,"href":"https:\/\/www.customscourt.com\/es\/wp-json\/wp\/v2\/pages\/460\/revisions"}],"predecessor-version":[{"id":8453,"href":"https:\/\/www.customscourt.com\/es\/wp-json\/wp\/v2\/pages\/460\/revisions\/8453"}],"up":[{"embeddable":true,"href":"https:\/\/www.customscourt.com\/es\/wp-json\/wp\/v2\/pages\/15"}],"wp:attachment":[{"href":"https:\/\/www.customscourt.com\/es\/wp-json\/wp\/v2\/media?parent=460"}],"curies":[{"name":"wp","href":"https:\/\/api.w.org\/{rel}","templated":true}]}}